{"id":2,"date":"2024-07-18T08:07:42","date_gmt":"2024-07-18T08:07:42","guid":{"rendered":"https:\/\/angry-varahamihira.212-227-3-184.plesk.page\/?page_id=2"},"modified":"2024-07-18T09:47:36","modified_gmt":"2024-07-18T09:47:36","slug":"sample-page","status":"publish","type":"page","link":"https:\/\/angry-varahamihira.212-227-3-184.plesk.page\/index.php\/sample-page\/","title":{"rendered":"Sample Page"},"content":{"rendered":"<p>[vc_row full_width=&#8220;stretch_row_content&#8220; css=&#8220;.vc_custom_1589528997831{padding-right: 7% !important;padding-left: 7% !important;}&#8220;]<br \/>\n[vc_column css=&#8220;.vc_custom_1488276089577{margin-top: 30px !important;}&#8220;]<br \/>\n[vc_column_text]<\/p>\n<h1>Startseite<\/h1>\n<p>[\/vc_column_text]<br \/>\n[vc_separator color=&#8220;custom&#8220; border_width=&#8220;4&#8243; accent_color=&#8220;#08528c&#8220; css=&#8220;.vc_custom_1488276099310{margin-top: -30px !important;}&#8220;]<br \/>\n[\/vc_column]<br \/>\n[\/vc_row]<br \/>\n[vc_row full_width=&#8220;stretch_row_content&#8220; css=&#8220;.vc_custom_1589529012202{padding-right: 7% !important;padding-left: 7% !important;}&#8220;]<br \/>\n[vc_column width=&#8220;3\/4&#8243;]<br \/>\n[vc_column_text]<br \/>\n<strong>Gutes Innenraumklima \u2013<span class=\"Apple-converted-space\"> <\/span>bessere Lebensqualit\u00e4t<span class=\"Apple-converted-space\"> <\/span><\/strong><\/p>\n<p>W\u00e4chst auch bei Ihnen mit Beginn der warmen Jahreszeit der Wunsch nach einer Klimatisierung der zu warmen Wohn- oder Arbeitsr\u00e4ume? Mit einem Raumklimager\u00e4t sorgen Sie auf einfache und effiziente Weise f\u00fcr eine angenehme Temperatur und behagliche Feuchtewerte.<span class=\"Apple-converted-space\"> <\/span><\/p>\n<p>Ob im Wohnbereich, Einzelhandelsgesch\u00e4ften, Arztpraxen oder B\u00fcrogeb\u00e4uden \u2013 \u00fcberall sorgen Raumklimager\u00e4te f\u00fcr gute Innenraumluftverh\u00e4ltnisse. Der Markt bietet Ihnen unterschiedlichste Systeme: Vom transportablen Klimager\u00e4t \u00fcber fest installierte Split-Klimager\u00e4te bis hin zu energieeffizienten VRF-Multisplitanlagen als Luft-Luft-W\u00e4rmepumpe zum K\u00fchlen, Entfeuchten, Heizen. Bei den Split-Klimager\u00e4ten steht Ihnen eine gro\u00dfe Auswahl an verschiedensten Innenger\u00e4ten f\u00fcr die Luftverteilung zur Verf\u00fcgung. Die K\u00e4lteleistung eines Innenger\u00e4tes ist auf die Raumgr\u00f6\u00dfe abgestimmt und garantiert somit optimale Leistung mit maximaler Energieeffizienz.<\/p>\n<p>[\/vc_column_text]<br \/>\n[\/vc_column]<br \/>\n[vc_column width=&#8220;1\/4&#8243;]<br \/>\n[vc_gallery interval=&#8220;3&#8243; images=&#8220;984,983,982,972,1326,1325&#8243; img_size=&#8220;full&#8220;]<br \/>\n[\/vc_column]<br \/>\n[\/vc_row]<br \/>\n[vc_row full_width=&#8220;stretch_row_content&#8220; css=&#8220;.vc_custom_1589529012202{padding-right: 7% !important;padding-left: 7% !important;}&#8220;]<br \/>\n[vc_column]<br \/>\n[vc_row_inner]<br \/>\n[vc_column_inner]<br \/>\n[vc_column_text]<\/p>\n<p style=\"font-weight: 400;\"><strong>Fragen und Antworten zum Heizen mit Luft-Luft-W\u00e4rmepumpen<\/strong><\/p>\n<p>Moderne Raumklimager\u00e4te in Split-, Multisplit- und VRF-Ausf\u00fchrung sind effiziente Luft-Luft-W\u00e4rmepumpen (DX-Ger\u00e4te). Die Brosch\u00fcre beantwortet h\u00e4ufige Fragen.<\/p>\n<p style=\"font-weight: 400;\"><strong><a href=\"https:\/\/downloads.fgk.de\/downloader.php?FILENAME=440_LLWP_FAQ.pdf\" target=\"_blank\" rel=\"noopener\">Link zur PDF<\/a><\/strong><\/p>\n<p>[\/vc_column_text]<br \/>\n[\/vc_column_inner]<br \/>\n[\/vc_row_inner]<br \/>\n[vc_column_text css=&#8220;.vc_custom_1715585917517{margin-top: 10px !important;}&#8220;]<\/p>\n<p style=\"font-weight: 400;\"><strong><a href=\"https:\/\/service.gentnerverlag.de\/download\/pdf\/geb\/dx-geraete.pdf\"><img decoding=\"async\" class=\"wp-image-1406 alignright\" src=\"https:\/\/raumklimageraete.de\/wp-content\/uploads\/2023\/09\/RKG-Gentnerverlag--212x300.png\" alt=\"\" width=\"177\" height=\"250\" \/><\/a>Mit Luft-Luft-W\u00e4rmepumpen zum Klimaschutz beitragen: Einsparpotenziale durch DX-Ger\u00e4te<\/strong><\/p>\n<p style=\"font-weight: 400;\">Vielen ist nicht bewusst, dass sie mit Klimager\u00e4ten auch heizen k\u00f6nnen. Das Institut f\u00fcr Technische Geb\u00e4udeausr\u00fcstung hat ausgerechnet, wie viel diese Ger\u00e4te speziell im Heizbetrieb sparen und wie stark sie zum Erreichen der Klimaziele beitragen k\u00f6nnen.<\/p>\n<p>Die Fachzeitschrift Geb\u00e4ude-Energieberater hat Ergebnisse vorgestellt.<br \/>\n<strong><a href=\"https:\/\/service.gentnerverlag.de\/download\/pdf\/geb\/dx-geraete.pdf\" target=\"_blank\" rel=\"noopener\">Link zum Beitrag<\/a><\/strong>[\/vc_column_text]<br \/>\n[vc_column_text css=&#8220;.vc_custom_1695196500287{margin-top: 10px !important;}&#8220;]<br \/>\n<b>Luft-Luft-W\u00e4rmepumpen: Empfehlungen f\u00fcr den Heizbetrieb<\/b><\/p>\n<p>Moderne Raumklimager\u00e4te in Split-, Multisplit- und VRF-Ausf\u00fchrung sind sehr effiziente Luft-Luft-W\u00e4rmepumpen, die sich hervorragend als alleinige Heizung (monovalent) oder als zus\u00e4tzliche Heizung eignen, die erg\u00e4nzend zu einer \u00d6l- oder Gasheizung betrieben werden kann. Sie sind schnell verf\u00fcgbar sowohl f\u00fcr den Neubau als auch f\u00fcr den Geb\u00e4udebestand. Empfehlungen f\u00fcr den Heizbetrieb finden Sie <strong><a href=\"https:\/\/downloads.fgk.de\/411_Flyer_LL_WP_im_Heizbetrieb_A5_web.pdf\">hier<\/a><\/strong>.[\/vc_column_text]<br \/>\n[\/vc_column]<br \/>\n[\/vc_row]<br \/>\n[vc_row full_width=&#8220;stretch_row_content&#8220; css=&#8220;.vc_custom_1589529012202{padding-right: 7% !important;padding-left: 7% !important;}&#8220;]<br \/>\n[vc_column]<br \/>\n[vc_column_text]<br \/>\n<b>Klimager\u00e4te auch w\u00e4hrend der Pandemie unbesorgt betreiben<\/b><\/p>\n<p>In vielen Praxen, kleineren B\u00fcros und Ladengesch\u00e4ften, aber auch in Wohnungen sorgen Klimager\u00e4te f\u00fcr angenehm temperierte und entfeuchtete Luft. Seit der Corona-Pandemie wird immer wieder die Frage gestellt, ob diese Ger\u00e4te Coronaviren im Geb\u00e4ude verteilen k\u00f6nnen. Hierzu gibt es Entwarnung: Dezentrale Klimager\u00e4te, die nur einzelne R\u00e4ume in einer Wohnung k\u00fchlen und entfeuchten, \u00fcbertragen keine Viren von einem Raum in andere Bereiche des Geb\u00e4udes. Eine Vermehrung von Coronaviren im Klimager\u00e4t schlie\u00dft das Umweltbundesamt (UBA) aus, da Viren zu ihrer Vermehrung Wirtszellen brauchen, beispielsweise menschliche Zellen. Betreiber k\u00f6nnen also unbesorgt mithilfe der Raumklimager\u00e4te die Raumluft k\u00fchlen und entfeuchten. Wichtig ist jedoch, gleichzeitig eine effektive L\u00fcftung sicherzustellen, um die Virenlast im Raum m\u00f6glichst gering zu halten. Hierzu bieten sich idealerweise L\u00fcftungsanlagen mit W\u00e4rmer\u00fcckgewinnung an. Dabei empfiehlt der Fachverband Geb\u00e4ude-Klima e. V. (FGK), diese unbedingt mit einem hohen Au\u00dfenluftanteil zu betreiben. Ist keine mechanische L\u00fcftung vorhanden, sollte ausgiebig \u00fcber die Fenster gel\u00fcftet werden.<\/p>\n<p>&nbsp;<\/p>\n<p><b>Luftfilter \u2013 Luftreinigung \u2013 Luftentkeimung in Raumklimager\u00e4ten<\/b><\/p>\n<p>Wird ein Raum \u00fcber eine L\u00fcftungsanlage oder die Fenster ausreichend gel\u00fcftet, sind auch beim Betrieb von Raumklimager\u00e4ten keine zus\u00e4tzlichen Reinigungssysteme erforderlich. Will der Betreiber dennoch zus\u00e4tzliche Ma\u00dfnahmen zur Reduzierung von m\u00f6glicherweise virenbelasteten Aerosolen ergreifen, k\u00f6nnen zus\u00e4tzliche Elemente sinnvoll sein, beispielsweise Luftfiltersysteme mit HEPA-Filtern, Desinfektion mit UV-C-Strahlen, Ionisation oder Hydroxylradikale. Die Produkte in diesem Marktsegment sind von sehr unterschiedlicher Qualit\u00e4t. Mit dem <a href=\"https:\/\/raumklimageraete.de\/wp-content\/uploads\/2021\/06\/371_SR51_RKG_und_Covid19_V1_201207.pdf\" target=\"_blank\" rel=\"noopener noreferrer\"><b>FGK Status-Report 51 <\/b><\/a>\u201eLuftfilter \u2013 Luftreinigung \u2013 Luftentkeimung in Raumklimager\u00e4ten\u201c weist der Fachverband Geb\u00e4ude-Klima e.V. auf Fragestellungen hin, die der Endkunde von Raumklimager\u00e4ten kennen sollte, um ein f\u00fcr ihn richtiges und zielf\u00fchrendes Ger\u00e4t auszuw\u00e4hlen.<\/p>\n<p>&nbsp;<\/p>\n<p><b>Anforderungen an L\u00fcftung und Luftreinigung zur Reduktion des Infektionsrisikos \u00fcber den Luftweg<\/b><\/p>\n<p>Es gilt inzwischen als gesichert, dass effektives L\u00fcften oder eine zielf\u00fchrende Luftreinigung das Infektionsrisiko signifikant verringern kann. Der <a href=\"https:\/\/raumklimageraete.de\/wp-content\/uploads\/2021\/06\/372_SR52_RLT_und_Covid19_V1_210301.pdf\" target=\"_blank\" rel=\"noopener noreferrer\"><b>FGK Status-Report 52 <\/b><\/a><b> <\/b>schl\u00e4gt ein auf europ\u00e4ischen Normen basierendes, vereinfachtes Bewertungsverfahren vor, mit dem auf pragmatische und einfache Weise dokumentiert werden kann, dass Anforderungen an L\u00fcftung und Luftreinigung zur Reduktion des Infektionsrisikos \u00fcber den Luftweg eigehalten werden. Wie bei den AHA-Regeln geht es darum, einen m\u00f6glichst hohen Nutzen bei noch vertretbarem Aufwand zu erreichen. F\u00fcr die L\u00fcftung\/Luftreinigung werden Regeln definiert, die das Ansteckungsrisiko mit Covid-19 verringern. Wie die AHA-Regeln k\u00f6nnen auch sie keinen absoluten Schutz bieten. Mit der <a href=\"https:\/\/lebensmittel-luft.info\/plus-l-app\/\" target=\"_blank\" rel=\"noopener noreferrer\"><b>+L-App <\/b><\/a> kann ermittelt werden, ob die im Status-Report 52 vorgeschlagenen Anforderungen an die L\u00fcftung und Luftreinigung eingehalten werden.[\/vc_column_text]<br \/>\n[vc_empty_space]<br \/>\n[\/vc_column]<br \/>\n[\/vc_row]<br \/>\n[vc_row]<br \/>\n[vc_column]<br \/>\n[\/vc_column]<br \/>\n[\/vc_row]<\/p>\n","protected":false},"excerpt":{"rendered":"<p>[vc_row full_width=&#8220;stretch_row_content&#8220; css=&#8220;.vc_custom_1589528997831{padding-right: 7% !important;padding-left: 7% !important;}&#8220;] [vc_column css=&#8220;.vc_custom_1488276089577{margin-top: 30px !important;}&#8220;] [vc_column_text] Startseite [\/vc_column_text] [vc_separator color=&#8220;custom&#8220; border_width=&#8220;4&#8243; accent_color=&#8220;#08528c&#8220; css=&#8220;.vc_custom_1488276099310{margin-top: -30px !important;}&#8220;] [\/vc_column] [\/vc_row] [vc_row full_width=&#8220;stretch_row_content&#8220; css=&#8220;.vc_custom_1589529012202{padding-right: 7% !important;padding-left: 7% !important;}&#8220;] [vc_column width=&#8220;3\/4&#8243;] [vc_column_text] Gutes Innenraumklima \u2013 bessere Lebensqualit\u00e4t W\u00e4chst auch bei Ihnen mit Beginn der warmen Jahreszeit der Wunsch nach einer Klimatisierung der zu warmen [&hellip;]<\/p>\n","protected":false},"author":1,"featured_media":0,"parent":0,"menu_order":0,"comment_status":"closed","ping_status":"open","template":"","meta":{"footnotes":""},"class_list":["post-2","page","type-page","status-publish","hentry"],"_links":{"self":[{"href":"https:\/\/angry-varahamihira.212-227-3-184.plesk.page\/index.php\/wp-json\/wp\/v2\/pages\/2","targetHints":{"allow":["GET"]}}],"collection":[{"href":"https:\/\/angry-varahamihira.212-227-3-184.plesk.page\/index.php\/wp-json\/wp\/v2\/pages"}],"about":[{"href":"https:\/\/angry-varahamihira.212-227-3-184.plesk.page\/index.php\/wp-json\/wp\/v2\/types\/page"}],"author":[{"embeddable":true,"href":"https:\/\/angry-varahamihira.212-227-3-184.plesk.page\/index.php\/wp-json\/wp\/v2\/users\/1"}],"replies":[{"embeddable":true,"href":"https:\/\/angry-varahamihira.212-227-3-184.plesk.page\/index.php\/wp-json\/wp\/v2\/comments?post=2"}],"version-history":[{"count":1,"href":"https:\/\/angry-varahamihira.212-227-3-184.plesk.page\/index.php\/wp-json\/wp\/v2\/pages\/2\/revisions"}],"predecessor-version":[{"id":10,"href":"https:\/\/angry-varahamihira.212-227-3-184.plesk.page\/index.php\/wp-json\/wp\/v2\/pages\/2\/revisions\/10"}],"wp:attachment":[{"href":"https:\/\/angry-varahamihira.212-227-3-184.plesk.page\/index.php\/wp-json\/wp\/v2\/media?parent=2"}],"curies":[{"name":"wp","href":"https:\/\/api.w.org\/{rel}","templated":true}]}}